{"id":4498,"date":"2026-04-16T23:22:11","date_gmt":"2026-04-16T23:22:11","guid":{"rendered":"https:\/\/leblackpuzzle.com\/?post_type=product&#038;p=4498"},"modified":"2026-05-07T15:36:05","modified_gmt":"2026-05-07T15:36:05","slug":"diffuseur-350ml","status":"publish","type":"product","link":"https:\/\/leblackpuzzle.com\/en\/product\/diffuseur-350ml\/","title":{"rendered":"Diffuseur 350ml"},"content":{"rendered":"","protected":false},"excerpt":{"rendered":"<p>Ce produit se pr\u00e8sente comme un diffuseur de parfum d\u2019int\u00e9rieur haut de gamme, au design luxueux.<br \/>\nIl apporte entre autres une touche de sophistication aux \u00e8spaces intimes.<br \/>\nsa finition, ces lignes \u00e8pur\u00e8es et ses batonnets diffuseurs \u00e8legants, en font de lui un objet d\u00e8coratif<br \/>\npour sublimer un salon, une chambre voire un \u00e8space professionnel.<\/p>\n<p>Ce produit est L&rsquo;\u0152uvre de machines et filament 3D qui lui procurent le caract\u00e8re  d&rsquo;incassable et \u00e9cologique. <\/p>","protected":false},"featured_media":4431,"template":"","meta":[],"product_brand":[],"product_cat":[],"product_tag":[],"class_list":{"0":"post-4498","1":"product","2":"type-product","3":"status-publish","4":"has-post-thumbnail","7":"first","8":"instock","9":"shipping-taxable","10":"purchasable","11":"product-type-variable"},"_links":{"self":[{"href":"https:\/\/leblackpuzzle.com\/en\/wp-json\/wp\/v2\/product\/4498","targetHints":{"allow":["GET"]}}],"collection":[{"href":"https:\/\/leblackpuzzle.com\/en\/wp-json\/wp\/v2\/product"}],"about":[{"href":"https:\/\/leblackpuzzle.com\/en\/wp-json\/wp\/v2\/types\/product"}],"wp:featuredmedia":[{"embeddable":true,"href":"https:\/\/leblackpuzzle.com\/en\/wp-json\/wp\/v2\/media\/4431"}],"wp:attachment":[{"href":"https:\/\/leblackpuzzle.com\/en\/wp-json\/wp\/v2\/media?parent=4498"}],"wp:term":[{"taxonomy":"product_brand","embeddable":true,"href":"https:\/\/leblackpuzzle.com\/en\/wp-json\/wp\/v2\/product_brand?post=4498"},{"taxonomy":"product_cat","embeddable":true,"href":"https:\/\/leblackpuzzle.com\/en\/wp-json\/wp\/v2\/product_cat?post=4498"},{"taxonomy":"product_tag","embeddable":true,"href":"https:\/\/leblackpuzzle.com\/en\/wp-json\/wp\/v2\/product_tag?post=4498"}],"curies":[{"name":"wp","href":"https:\/\/api.w.org\/{rel}","templated":true}]}}