{"id":4486,"date":"2026-04-16T22:50:48","date_gmt":"2026-04-16T22:50:48","guid":{"rendered":"https:\/\/leblackpuzzle.com\/?post_type=product&#038;p=4486"},"modified":"2026-05-07T15:38:12","modified_gmt":"2026-05-07T15:38:12","slug":"diffuseur-vi","status":"publish","type":"product","link":"https:\/\/leblackpuzzle.com\/en\/product\/diffuseur-vi\/","title":{"rendered":"Diffuseur 200ml"},"content":{"rendered":"","protected":false},"excerpt":{"rendered":"<p>Ce produit se pr\u00e8sente comme un diffuseur de parfum d\u2019int\u00e9rieur minimaliste, au design luxueux.<br \/>\nIl apporte entre autres une touche de sophistication aux \u00e8spaces intimes.<br \/>\nsa finition, ces lignes \u00e8pur\u00e8es et ses batonnets diffuseurs \u00e8legants, en font de lui un objet d\u00e8coratif<br \/>\npour sublimer une chambre voire un \u00e8space professionnel.<\/p>\n<p>Ce produit est L&rsquo;\u0152uvre de machines et filament 3D qui lui procurent le caract\u00e8re  d&rsquo;incassable et \u00e9cologique. <\/p>","protected":false},"featured_media":4491,"template":"","meta":[],"product_brand":[],"product_cat":[],"product_tag":[],"class_list":{"0":"post-4486","1":"product","2":"type-product","3":"status-publish","4":"has-post-thumbnail","7":"first","8":"instock","9":"shipping-taxable","10":"purchasable","11":"product-type-variable"},"_links":{"self":[{"href":"https:\/\/leblackpuzzle.com\/en\/wp-json\/wp\/v2\/product\/4486","targetHints":{"allow":["GET"]}}],"collection":[{"href":"https:\/\/leblackpuzzle.com\/en\/wp-json\/wp\/v2\/product"}],"about":[{"href":"https:\/\/leblackpuzzle.com\/en\/wp-json\/wp\/v2\/types\/product"}],"wp:featuredmedia":[{"embeddable":true,"href":"https:\/\/leblackpuzzle.com\/en\/wp-json\/wp\/v2\/media\/4491"}],"wp:attachment":[{"href":"https:\/\/leblackpuzzle.com\/en\/wp-json\/wp\/v2\/media?parent=4486"}],"wp:term":[{"taxonomy":"product_brand","embeddable":true,"href":"https:\/\/leblackpuzzle.com\/en\/wp-json\/wp\/v2\/product_brand?post=4486"},{"taxonomy":"product_cat","embeddable":true,"href":"https:\/\/leblackpuzzle.com\/en\/wp-json\/wp\/v2\/product_cat?post=4486"},{"taxonomy":"product_tag","embeddable":true,"href":"https:\/\/leblackpuzzle.com\/en\/wp-json\/wp\/v2\/product_tag?post=4486"}],"curies":[{"name":"wp","href":"https:\/\/api.w.org\/{rel}","templated":true}]}}