{"id":4466,"date":"2026-04-16T20:12:06","date_gmt":"2026-04-16T20:12:06","guid":{"rendered":"https:\/\/leblackpuzzle.com\/?post_type=product&#038;p=4466"},"modified":"2026-05-07T15:38:36","modified_gmt":"2026-05-07T15:38:36","slug":"jatta-lavy","status":"publish","type":"product","link":"https:\/\/leblackpuzzle.com\/en\/product\/jatta-lavy\/","title":{"rendered":"Jatta Lavi"},"content":{"rendered":"","protected":false},"excerpt":{"rendered":"<p>Pack en trois vases destin\u00e9 a d\u00e9corer les interieurs de salons, chambres ou encore un espace de travail.<br \/>\nils se distinguent par leurs lignes douces, leur design \u00e9pur\u00e9 et contemporain garni de plantes s\u00e9ches.<\/p>\n<p>Taille : 23cm &#8211; 16cm &#8211; 13cm.<\/p>\n<p>Ce produit est L&rsquo;\u0152uvre de machines et filament 3D qui lui procurent le caract\u00e8re  d&rsquo;incassable et \u00e9cologique.<\/p>","protected":false},"featured_media":4480,"template":"","meta":[],"product_brand":[],"product_cat":[],"product_tag":[],"class_list":{"0":"post-4466","1":"product","2":"type-product","3":"status-publish","4":"has-post-thumbnail","7":"first","8":"instock","9":"shipping-taxable","10":"purchasable","11":"product-type-variable"},"_links":{"self":[{"href":"https:\/\/leblackpuzzle.com\/en\/wp-json\/wp\/v2\/product\/4466","targetHints":{"allow":["GET"]}}],"collection":[{"href":"https:\/\/leblackpuzzle.com\/en\/wp-json\/wp\/v2\/product"}],"about":[{"href":"https:\/\/leblackpuzzle.com\/en\/wp-json\/wp\/v2\/types\/product"}],"wp:featuredmedia":[{"embeddable":true,"href":"https:\/\/leblackpuzzle.com\/en\/wp-json\/wp\/v2\/media\/4480"}],"wp:attachment":[{"href":"https:\/\/leblackpuzzle.com\/en\/wp-json\/wp\/v2\/media?parent=4466"}],"wp:term":[{"taxonomy":"product_brand","embeddable":true,"href":"https:\/\/leblackpuzzle.com\/en\/wp-json\/wp\/v2\/product_brand?post=4466"},{"taxonomy":"product_cat","embeddable":true,"href":"https:\/\/leblackpuzzle.com\/en\/wp-json\/wp\/v2\/product_cat?post=4466"},{"taxonomy":"product_tag","embeddable":true,"href":"https:\/\/leblackpuzzle.com\/en\/wp-json\/wp\/v2\/product_tag?post=4466"}],"curies":[{"name":"wp","href":"https:\/\/api.w.org\/{rel}","templated":true}]}}