{"id":4465,"date":"2026-04-16T20:02:20","date_gmt":"2026-04-16T20:02:20","guid":{"rendered":"https:\/\/leblackpuzzle.com\/?post_type=product&#038;p=4465"},"modified":"2026-05-07T15:41:05","modified_gmt":"2026-05-07T15:41:05","slug":"bm-wavy","status":"publish","type":"product","link":"https:\/\/leblackpuzzle.com\/en\/product\/bm-wavy\/","title":{"rendered":"Bo\u00eete \u00e0 mouchoir Wavy"},"content":{"rendered":"","protected":false},"excerpt":{"rendered":"<p>Bo\u00eete \u00e0 mouchoir Wavy qui se d\u00e9marque par sa silhouette douce aux courbes superpos\u00e9es.<br \/>\nd\u00e9coratif id\u00e9al pour un salon ou un bureau contemporain. Con\u00e7ue pour allier esth\u00e9tique et praticit\u00e9,<br \/>\nrecoit avec facilit\u00e9 tous les mouchoirs disponibles au march\u00e9.<\/p>\n<p>Ce produit est L&rsquo;\u0152uvre de machines et filament 3D qui lui procurent le caract\u00e8re  d&rsquo;incassable et \u00e9cologique. <\/p>","protected":false},"featured_media":4477,"template":"","meta":[],"product_brand":[],"product_cat":[158],"product_tag":[],"class_list":{"0":"post-4465","1":"product","2":"type-product","3":"status-publish","4":"has-post-thumbnail","6":"product_cat-livingroom","8":"first","9":"instock","10":"shipping-taxable","11":"purchasable","12":"product-type-variable"},"_links":{"self":[{"href":"https:\/\/leblackpuzzle.com\/en\/wp-json\/wp\/v2\/product\/4465","targetHints":{"allow":["GET"]}}],"collection":[{"href":"https:\/\/leblackpuzzle.com\/en\/wp-json\/wp\/v2\/product"}],"about":[{"href":"https:\/\/leblackpuzzle.com\/en\/wp-json\/wp\/v2\/types\/product"}],"wp:featuredmedia":[{"embeddable":true,"href":"https:\/\/leblackpuzzle.com\/en\/wp-json\/wp\/v2\/media\/4477"}],"wp:attachment":[{"href":"https:\/\/leblackpuzzle.com\/en\/wp-json\/wp\/v2\/media?parent=4465"}],"wp:term":[{"taxonomy":"product_brand","embeddable":true,"href":"https:\/\/leblackpuzzle.com\/en\/wp-json\/wp\/v2\/product_brand?post=4465"},{"taxonomy":"product_cat","embeddable":true,"href":"https:\/\/leblackpuzzle.com\/en\/wp-json\/wp\/v2\/product_cat?post=4465"},{"taxonomy":"product_tag","embeddable":true,"href":"https:\/\/leblackpuzzle.com\/en\/wp-json\/wp\/v2\/product_tag?post=4465"}],"curies":[{"name":"wp","href":"https:\/\/api.w.org\/{rel}","templated":true}]}}