{"id":4224,"date":"2025-06-07T21:11:02","date_gmt":"2025-06-07T21:11:02","guid":{"rendered":"https:\/\/leblackpuzzle.com\/?post_type=product&#038;p=4224"},"modified":"2026-05-07T15:51:42","modified_gmt":"2026-05-07T15:51:42","slug":"scandi-ii","status":"publish","type":"product","link":"https:\/\/leblackpuzzle.com\/en\/product\/scandi-ii\/","title":{"rendered":"Duo Scandinave"},"content":{"rendered":"","protected":false},"excerpt":{"rendered":"<p>\u00c9l\u00e9gants et contemporains, ces vases d\u00e9coratifs au design sculptural apportent une touche artistique \u00e0 votre int\u00e9rieur.<br \/>\nLeur silhouette arqu\u00e9e et effac\u00e9e, leur finition cr\u00e9ent un \u00e9quilibre parfait entre modernit\u00e9 et douceur.<\/p>\n<p>Pens\u00e9s comme de v\u00e9ritables objets de d\u00e9coration, ils subliment une table, une console ou une \u00e9tag\u00e8re.<\/p>\n<p>Ce produit est L\u2019\u0152uvre de machines et filament 3D qui lui procurent le caract\u00e8re d\u2019incassable et \u00e9cologique. <\/p>","protected":false},"featured_media":4475,"template":"","meta":[],"product_brand":[],"product_cat":[148],"product_tag":[],"class_list":{"0":"post-4224","1":"product","2":"type-product","3":"status-publish","4":"has-post-thumbnail","6":"product_cat-pot","8":"first","9":"instock","10":"shipping-taxable","11":"purchasable","12":"product-type-variable"},"_links":{"self":[{"href":"https:\/\/leblackpuzzle.com\/en\/wp-json\/wp\/v2\/product\/4224","targetHints":{"allow":["GET"]}}],"collection":[{"href":"https:\/\/leblackpuzzle.com\/en\/wp-json\/wp\/v2\/product"}],"about":[{"href":"https:\/\/leblackpuzzle.com\/en\/wp-json\/wp\/v2\/types\/product"}],"wp:featuredmedia":[{"embeddable":true,"href":"https:\/\/leblackpuzzle.com\/en\/wp-json\/wp\/v2\/media\/4475"}],"wp:attachment":[{"href":"https:\/\/leblackpuzzle.com\/en\/wp-json\/wp\/v2\/media?parent=4224"}],"wp:term":[{"taxonomy":"product_brand","embeddable":true,"href":"https:\/\/leblackpuzzle.com\/en\/wp-json\/wp\/v2\/product_brand?post=4224"},{"taxonomy":"product_cat","embeddable":true,"href":"https:\/\/leblackpuzzle.com\/en\/wp-json\/wp\/v2\/product_cat?post=4224"},{"taxonomy":"product_tag","embeddable":true,"href":"https:\/\/leblackpuzzle.com\/en\/wp-json\/wp\/v2\/product_tag?post=4224"}],"curies":[{"name":"wp","href":"https:\/\/api.w.org\/{rel}","templated":true}]}}