{"id":4208,"date":"2025-06-05T00:17:58","date_gmt":"2025-06-05T00:17:58","guid":{"rendered":"https:\/\/leblackpuzzle.com\/?post_type=product&#038;p=4208"},"modified":"2026-05-07T15:41:59","modified_gmt":"2026-05-07T15:41:59","slug":"b-m-box","status":"publish","type":"product","link":"https:\/\/leblackpuzzle.com\/en\/product\/b-m-box\/","title":{"rendered":"Bo\u00eete \u00e0 mouchoir Box"},"content":{"rendered":"","protected":false},"excerpt":{"rendered":"<p>Bo\u00eete \u00e0 mouchoir Box \u00c9pur\u00e9e, moderne et intemporelle, Son design organique aux courbes douces<br \/>\napporte une touche contemporaine et apaisante \u00e0 votre d\u00e9coration int\u00e9rieure,<br \/>\nCon\u00e7ue comme un v\u00e9ritable objet d\u2019art, elle s\u2019int\u00e8gre harmonieusement dans tous les espaces :<br \/>\nsalon, chambre, salle de bain ou bureau.<br \/>\nrecoit ais\u00e9ment tous les mouchoirs disponibles au march\u00e9.<\/p>\n<p>Ce produit est L\u2019\u0152uvre de machines et filament 3D qui lui procurent le caract\u00e8re d\u2019incassable et \u00e9cologique. <\/p>","protected":false},"featured_media":4411,"template":"","meta":[],"product_brand":[],"product_cat":[158],"product_tag":[],"class_list":{"0":"post-4208","1":"product","2":"type-product","3":"status-publish","4":"has-post-thumbnail","6":"product_cat-livingroom","8":"first","9":"instock","10":"shipping-taxable","11":"purchasable","12":"product-type-variable"},"_links":{"self":[{"href":"https:\/\/leblackpuzzle.com\/en\/wp-json\/wp\/v2\/product\/4208","targetHints":{"allow":["GET"]}}],"collection":[{"href":"https:\/\/leblackpuzzle.com\/en\/wp-json\/wp\/v2\/product"}],"about":[{"href":"https:\/\/leblackpuzzle.com\/en\/wp-json\/wp\/v2\/types\/product"}],"wp:featuredmedia":[{"embeddable":true,"href":"https:\/\/leblackpuzzle.com\/en\/wp-json\/wp\/v2\/media\/4411"}],"wp:attachment":[{"href":"https:\/\/leblackpuzzle.com\/en\/wp-json\/wp\/v2\/media?parent=4208"}],"wp:term":[{"taxonomy":"product_brand","embeddable":true,"href":"https:\/\/leblackpuzzle.com\/en\/wp-json\/wp\/v2\/product_brand?post=4208"},{"taxonomy":"product_cat","embeddable":true,"href":"https:\/\/leblackpuzzle.com\/en\/wp-json\/wp\/v2\/product_cat?post=4208"},{"taxonomy":"product_tag","embeddable":true,"href":"https:\/\/leblackpuzzle.com\/en\/wp-json\/wp\/v2\/product_tag?post=4208"}],"curies":[{"name":"wp","href":"https:\/\/api.w.org\/{rel}","templated":true}]}}